{"id":1280,"date":"2021-05-24T12:01:52","date_gmt":"2021-05-24T10:01:52","guid":{"rendered":"https:\/\/www.ykh.com.tn\/cellcom-distribution\/"},"modified":"2022-09-12T13:03:24","modified_gmt":"2022-09-12T11:03:24","slug":"cellcom-distribution","status":"publish","type":"page","link":"https:\/\/www.ykh.com.tn\/fr\/cellcom-distribution\/","title":{"rendered":"Cellcom distribution"},"content":{"rendered":"<p>[vc_row css_animation=\u00a0\u00bb\u00a0\u00bb row_type=\u00a0\u00bbrow\u00a0\u00bb use_row_as_full_screen_section=\u00a0\u00bbno\u00a0\u00bb type=\u00a0\u00bbfull_width\u00a0\u00bb angled_section=\u00a0\u00bbno\u00a0\u00bb text_align=\u00a0\u00bbleft\u00a0\u00bb background_image_as_pattern=\u00a0\u00bbwithout_pattern\u00a0\u00bb css=\u00a0\u00bb.vc_custom_1625158022867{background-image: url(https:\/\/www.ykh.com.tn\/wp-content\/uploads\/2021\/07\/top-details.jpg?id=941) !important;background-position: 0 0 !important;background-repeat: no-repeat !important;}\u00a0\u00bb z_index=\u00a0\u00bb\u00a0\u00bb el_class=\u00a0\u00bbbackground-bottom\u00a0\u00bb][vc_column][vc_empty_space height=\u00a0\u00bb600px\u00a0\u00bb][\/vc_column][\/vc_row][vc_row css_animation=\u00a0\u00bb\u00a0\u00bb row_type=\u00a0\u00bbrow\u00a0\u00bb use_row_as_full_screen_section=\u00a0\u00bbno\u00a0\u00bb type=\u00a0\u00bbgrid\u00a0\u00bb angled_section=\u00a0\u00bbno\u00a0\u00bb text_align=\u00a0\u00bbleft\u00a0\u00bb background_image_as_pattern=\u00a0\u00bbwithout_pattern\u00a0\u00bb css=\u00a0\u00bb.vc_custom_1625158697923{padding-bottom: 160px !important;background: #181d23 url(https:\/\/www.ykh.com.tn\/wp-content\/uploads\/2021\/06\/bg-YKH.jpg?id=837) !important;}\u00a0\u00bb z_index=\u00a0\u00bb\u00a0\u00bb][vc_column][vc_row_inner row_type=\u00a0\u00bbrow\u00a0\u00bb type=\u00a0\u00bbfull_width\u00a0\u00bb text_align=\u00a0\u00bbleft\u00a0\u00bb css_animation=\u00a0\u00bb\u00a0\u00bb][vc_column_inner css=\u00a0\u00bb.vc_custom_1625157597682{margin-top: -65px !important;}\u00a0\u00bb][qode_elements_holder number_of_columns=\u00a0\u00bbtwo_columns\u00a0\u00bb][qode_elements_holder_item vertical_alignment=\u00a0\u00bbtop\u00a0\u00bb advanced_animations=\u00a0\u00bbno\u00a0\u00bb item_padding=\u00a0\u00bb0 25px 0 0px\u00a0\u00bb][vc_column_text]<\/p>\n<div class=\"large-title\">\n<h1>Cellcom Distribution<\/h1>\n<div class=\"subtitle\"><\/div>\n<\/div>\n<p>[\/vc_column_text][vc_empty_space height=\u00a0\u00bb27px\u00a0\u00bb][vc_column_text el_class=\u00a0\u00bbcompany-details\u00a0\u00bb css=\u00a0\u00bb.vc_custom_1629795823409{padding-left: 15px !important;}\u00a0\u00bb]Cellcom Distribution est le distributeur officiel d&rsquo;Orange en Tunisie depuis 2020.<br \/>\nCellcom Distribution dispose d\u2019un r\u00e9seau de distribution assez solide qui permet \u00e0 l&rsquo;entreprise de fournir le meilleur service \u00e0 ses partenaires et ses clients.<br \/>\nCellcom Distribution est la filiale de Cellcom et le distributeur exclusif d&rsquo;EVERTEK Home et Hiline.<br \/>\nEvertek Home est une gamme de produits blancs et gris d\u00e9velopp\u00e9e par Cellcom en 2015 et qui inclut des appareils \u00e9lectrom\u00e9nagers.<br \/>\nHiline est une ligne d\u2019accessoires informatiques et de t\u00e9l\u00e9phonie mobile d\u00e9velopp\u00e9e par Cellcom.[\/vc_column_text][\/qode_elements_holder_item][qode_elements_holder_item vertical_alignment=\u00a0\u00bbtop\u00a0\u00bb advanced_animations=\u00a0\u00bbno\u00a0\u00bb item_padding=\u00a0\u00bb0&Prime;][vc_single_image image=\u00a0\u00bb1170&Prime; img_size=\u00a0\u00bbfull\u00a0\u00bb qode_css_animation=\u00a0\u00bb\u00a0\u00bb css=\u00a0\u00bb.vc_custom_1626106385751{margin-top: 50px !important;}\u00a0\u00bb][\/qode_elements_holder_item][\/qode_elements_holder][\/vc_column_inner][\/vc_row_inner][\/vc_column][\/vc_row][vc_row css_animation=\u00a0\u00bb\u00a0\u00bb row_type=\u00a0\u00bbrow\u00a0\u00bb use_row_as_full_screen_section=\u00a0\u00bbno\u00a0\u00bb type=\u00a0\u00bbgrid\u00a0\u00bb angled_section=\u00a0\u00bbno\u00a0\u00bb text_align=\u00a0\u00bbleft\u00a0\u00bb background_image_as_pattern=\u00a0\u00bbwithout_pattern\u00a0\u00bb css=\u00a0\u00bb.vc_custom_1625153238070{margin-top: -75px !important;}\u00a0\u00bb z_index=\u00a0\u00bb\u00a0\u00bb][vc_column][vc_row_inner row_type=\u00a0\u00bbrow\u00a0\u00bb type=\u00a0\u00bbfull_width\u00a0\u00bb text_align=\u00a0\u00bbleft\u00a0\u00bb css_animation=\u00a0\u00bb\u00a0\u00bb css=\u00a0\u00bb.vc_custom_1625153492806{padding-top: 60px !important;padding-bottom: 80px !important;background-color: #fdead8 !important;}\u00a0\u00bb][vc_column_inner width=\u00a0\u00bb1\/4&Prime;]<span data-type=\"normal\"  class=\"qode_icon_shortcode  q_font_awsome_icon fa-3x pull-center \" style=\" \"><i class=\"qode_icon_font_awesome fa fa-address-card qode_icon_element\" style=\"color: #ca9d75;\" ><\/i><\/span>[vc_empty_space height=\u00a0\u00bb17px\u00a0\u00bb][vc_column_text css=\u00a0\u00bb.vc_custom_1625214533699{padding-right: 30px !important;padding-left: 30px !important;}\u00a0\u00bb]<\/p>\n<p style=\"text-align: center;\">25, rue de l&rsquo;Artisanat 2035 Charguia 2 &#8211; Tunisie<\/p>\n<p>[\/vc_column_text][\/vc_column_inner][vc_column_inner width=\u00a0\u00bb1\/4&Prime;]<span data-type=\"normal\"  class=\"qode_icon_shortcode  q_font_awsome_icon fa-3x pull-center \" style=\" \"><i class=\"qode_icon_font_awesome fa fa-phone qode_icon_element\" style=\"color: #ca9d75;\" ><\/i><\/span>[vc_empty_space height=\u00a0\u00bb17px\u00a0\u00bb][vc_column_text]<\/p>\n<p style=\"text-align: center;\">Tel: +216 70 836 522<\/p>\n<p style=\"text-align: center;\">Fax: +216 70 836 523<\/p>\n<p>[\/vc_column_text][\/vc_column_inner][vc_column_inner width=\u00a0\u00bb1\/4&Prime;]<span data-type=\"normal\"  class=\"qode_icon_shortcode  q_font_awsome_icon fa-3x pull-center \" style=\" \"><i class=\"qode_icon_font_awesome fa fa-envelope qode_icon_element\" style=\"color: #ca9d75;\" ><\/i><\/span>[vc_empty_space height=\u00a0\u00bb17px\u00a0\u00bb][vc_column_text]<\/p>\n<p style=\"text-align: center;\">imen.karoui@cellcom.com.tn<\/p>\n<p>[\/vc_column_text][\/vc_column_inner][vc_column_inner width=\u00a0\u00bb1\/4&Prime;]<span data-type=\"normal\"  class=\"qode_icon_shortcode  q_font_awsome_icon fa-3x pull-center \" style=\" \"><i class=\"qode_icon_font_awesome fa fa-internet-explorer qode_icon_element\" style=\"color: #ca9d75;\" ><\/i><\/span>[vc_empty_space height=\u00a0\u00bb17px\u00a0\u00bb][vc_column_text]<\/p>\n<p style=\"text-align: center;\">www.cellcom.com.tn<\/p>\n<p>[\/vc_column_text][\/vc_column_inner][\/vc_row_inner][\/vc_column][\/vc_row][vc_row css_animation=\u00a0\u00bb\u00a0\u00bb row_type=\u00a0\u00bbrow\u00a0\u00bb use_row_as_full_screen_section=\u00a0\u00bbno\u00a0\u00bb type=\u00a0\u00bbfull_width\u00a0\u00bb angled_section=\u00a0\u00bbno\u00a0\u00bb text_align=\u00a0\u00bbleft\u00a0\u00bb background_image_as_pattern=\u00a0\u00bbwithout_pattern\u00a0\u00bb el_class=\u00a0\u00bbvideo-box-l\u00a0\u00bb][vc_column][qode_elements_holder number_of_columns=\u00a0\u00bbtwo_columns\u00a0\u00bb columns_proportion=\u00a0\u00bb25_75&Prime;][qode_elements_holder_item horizontal_alignment=\u00a0\u00bbright\u00a0\u00bb advanced_animations=\u00a0\u00bbno\u00a0\u00bb item_padding=\u00a0\u00bb11% 18% 11% 18%\u00a0\u00bb item_padding_1280_1440=\u00a0\u00bb7% 8% 5% 6%\u00a0\u00bb item_padding_1024_1280=\u00a0\u00bb17% 9% 18% 9%\u00a0\u00bb item_padding_768_1024=\u00a0\u00bb12% 1% 12% 1%\u00a0\u00bb item_padding_600_768=\u00a0\u00bb12% 8% 12% 8%\u00a0\u00bb item_padding_480_600=\u00a0\u00bb12% 8% 12% 8%\u00a0\u00bb item_padding_480=\u00a0\u00bb12% 8% 12% 8%\u00a0\u00bb]<div class=\"custom_font_holder\" style=\" font-size: 36px; line-height: 36px; font-style: normal; font-weight: 800; color: #ca9d75; text-decoration: none; letter-spacing: 0px; text-align: left;\">\n<h2 class=\"title-line\" style=\"text-align: right;\"><span style=\"color: #ca9d75;\"><br \/>\nNos entreprises<br \/>\n<\/span><\/h2>\n<\/div>[vc_empty_space height=\u00a0\u00bb42px\u00a0\u00bb][vc_column_text]YKH Holding, est compos\u00e9e de plusieurs soci\u00e9t\u00e9s tunisiennes qui sont pr\u00e9sentes dans plusieurs domaines comme le commerce, l&rsquo;industrie, les services et l&rsquo;immobilier.[\/vc_column_text][\/qode_elements_holder_item][qode_elements_holder_item advanced_animations=\u00a0\u00bbno\u00a0\u00bb item_padding=\u00a0\u00bb90px 5%\u00a0\u00bb item_padding_1280_1440=\u00a0\u00bb6% 5% 2% 5%\u00a0\u00bb item_padding_1024_1280=\u00a0\u00bb6% 5% 2% 5%\u00a0\u00bb][qode_clients columns=\u00a0\u00bbsix_columns\u00a0\u00bb hover_effect=\u00a0\u00bbdefault\u00a0\u00bb disable_separators=\u00a0\u00bbyes\u00a0\u00bb][qode_client link_target=\u00a0\u00bb_self\u00a0\u00bb image=\u00a0\u00bb1060&Prime; link=\u00a0\u00bbhttps:\/\/www.ykh.com.tn\/fr\/the-group\/\u00a0\u00bb][qode_client link_target=\u00a0\u00bb_self\u00a0\u00bb image=\u00a0\u00bb513&Prime; link=\u00a0\u00bbhttps:\/\/www.ykh.com.tn\/fr\/hamila-duty-free\/\u00a0\u00bb][qode_client link_target=\u00a0\u00bb_self\u00a0\u00bb image=\u00a0\u00bb1014&Prime; link=\u00a0\u00bbhttps:\/\/www.ykh.com.tn\/fr\/melloula-duty-free\/\u00a0\u00bb][qode_client link_target=\u00a0\u00bb_self\u00a0\u00bb image=\u00a0\u00bb1019&Prime; link=\u00a0\u00bbhttps:\/\/www.ykh.com.tn\/fr\/ykh-retail\/\u00a0\u00bb][qode_client link_target=\u00a0\u00bb_self\u00a0\u00bb image=\u00a0\u00bb1020&Prime; link=\u00a0\u00bbhttps:\/\/www.ykh.com.tn\/fr\/ykh-distribution\/\u00a0\u00bb][qode_client link_target=\u00a0\u00bb_self\u00a0\u00bb image=\u00a0\u00bb511&Prime; link=\u00a0\u00bbhttps:\/\/www.ykh.com.tn\/fr\/cellcom\/\u00a0\u00bb][qode_client link_target=\u00a0\u00bb_self\u00a0\u00bb image=\u00a0\u00bb1021&Prime; link=\u00a0\u00bbhttps:\/\/www.ykh.com.tn\/fr\/cellcom-distribution\/\u00a0\u00bb][qode_client link_target=\u00a0\u00bb_self\u00a0\u00bb image=\u00a0\u00bb1027&Prime; link=\u00a0\u00bbhttps:\/\/www.ykh.com.tn\/fr\/tunisia-duty-free\/\u00a0\u00bb][qode_client link_target=\u00a0\u00bb_self\u00a0\u00bb image=\u00a0\u00bb1023&Prime; link=\u00a0\u00bbhttps:\/\/www.ykh.com.tn\/fr\/ois-motors\/\u00a0\u00bb][qode_client link_target=\u00a0\u00bb_self\u00a0\u00bb image=\u00a0\u00bb1516&Prime; link=\u00a0\u00bbhttps:\/\/www.ykh.com.tn\/fr\/ois-motors\/\u00a0\u00bb][qode_client link_target=\u00a0\u00bb_self\u00a0\u00bb image=\u00a0\u00bb519&Prime; link=\u00a0\u00bbhttps:\/\/www.ykh.com.tn\/fr\/raffinerie-africaine\/\u00a0\u00bb][qode_client image=\u00a0\u00bb512&Prime; link=\u00a0\u00bbhttps:\/\/www.ykh.com.tn\/fr\/cristal-tunisie\/\u00a0\u00bb][qode_client link_target=\u00a0\u00bb_self\u00a0\u00bb image=\u00a0\u00bb1024&Prime; link=\u00a0\u00bbhttps:\/\/www.ykh.com.tn\/fr\/societe-orientale\/\u00a0\u00bb][qode_client link_target=\u00a0\u00bb_self\u00a0\u00bb image=\u00a0\u00bb1025&Prime; link=\u00a0\u00bbhttps:\/\/www.ykh.com.tn\/fr\/al-ataba-ykh-immobiliere-kasso\/\u00a0\u00bb][qode_client link_target=\u00a0\u00bb_self\u00a0\u00bb image=\u00a0\u00bb509&Prime; link=\u00a0\u00bbhttps:\/\/www.ykh.com.tn\/fr\/al-ataba-ykh-immobiliere-kasso\/\u00a0\u00bb][qode_client link_target=\u00a0\u00bb_self\u00a0\u00bb image=\u00a0\u00bb1026&Prime; link=\u00a0\u00bbhttps:\/\/www.ykh.com.tn\/fr\/al-ataba-ykh-immobiliere-kasso\/\u00a0\u00bb][qode_client link_target=\u00a0\u00bb_self\u00a0\u00bb image=\u00a0\u00bb522&Prime; link=\u00a0\u00bbhttps:\/\/www.ykh.com.tn\/fr\/ykh-consulting\/\u00a0\u00bb][\/qode_clients][\/qode_elements_holder_item][\/qode_elements_holder][\/vc_column][\/vc_row]<\/p>\n","protected":false},"excerpt":{"rendered":"<p>[vc_row css_animation=\u00a0\u00bb\u00a0\u00bb row_type=\u00a0\u00bbrow\u00a0\u00bb use_row_as_full_screen_section=\u00a0\u00bbno\u00a0\u00bb type=\u00a0\u00bbfull_width\u00a0\u00bb angled_section=\u00a0\u00bbno\u00a0\u00bb text_align=\u00a0\u00bbleft\u00a0\u00bb background_image_as_pattern=\u00a0\u00bbwithout_pattern\u00a0\u00bb css=\u00a0\u00bb.vc_custom_1625158022867{background-image: url(https:\/\/www.ykh.com.tn\/wp-content\/uploads\/2021\/07\/top-details.jpg?id=941) !important;background-position: 0 0 !important;background-repeat: no-repeat !important;}\u00a0\u00bb z_index=\u00a0\u00bb\u00a0\u00bb el_class=\u00a0\u00bbbackground-bottom\u00a0\u00bb][vc_column][vc_empty_space height=\u00a0\u00bb600px\u00a0\u00bb][\/vc_column][\/vc_row][vc_row css_animation=\u00a0\u00bb\u00a0\u00bb row_type=\u00a0\u00bbrow\u00a0\u00bb use_row_as_full_screen_section=\u00a0\u00bbno\u00a0\u00bb type=\u00a0\u00bbgrid\u00a0\u00bb angled_section=\u00a0\u00bbno\u00a0\u00bb text_align=\u00a0\u00bbleft\u00a0\u00bb background_image_as_pattern=\u00a0\u00bbwithout_pattern\u00a0\u00bb css=\u00a0\u00bb.vc_custom_1625158697923{padding-bottom: 160px !important;background: #181d23 url(https:\/\/www.ykh.com.tn\/wp-content\/uploads\/2021\/06\/bg-YKH.jpg?id=837) !important;}\u00a0\u00bb z_index=\u00a0\u00bb\u00a0\u00bb][vc_column][vc_row_inner row_type=\u00a0\u00bbrow\u00a0\u00bb type=\u00a0\u00bbfull_width\u00a0\u00bb text_align=\u00a0\u00bbleft\u00a0\u00bb css_animation=\u00a0\u00bb\u00a0\u00bb][vc_column_inner css=\u00a0\u00bb.vc_custom_1625157597682{margin-top: -65px !important;}\u00a0\u00bb][qode_elements_holder number_of_columns=\u00a0\u00bbtwo_columns\u00a0\u00bb][qode_elements_holder_item vertical_alignment=\u00a0\u00bbtop\u00a0\u00bb advanced_animations=\u00a0\u00bbno\u00a0\u00bb item_padding=\u00a0\u00bb0 25px&#8230;<\/p>\n","protected":false},"author":1,"featured_media":0,"parent":0,"menu_order":0,"comment_status":"closed","ping_status":"closed","template":"full_width.php","meta":{"footnotes":""},"class_list":["post-1280","page","type-page","status-publish","hentry"],"yoast_head":"<!-- This site is optimized with the Yoast SEO plugin v27.4 - https:\/\/yoast.com\/product\/yoast-seo-wordpress\/ -->\n<title>Cellcom distribution - YKH Holding<\/title>\n<meta name=\"robots\" content=\"index, follow, max-snippet:-1, max-image-preview:large, max-video-preview:-1\" \/>\n<link rel=\"canonical\" href=\"https:\/\/www.ykh.com.tn\/fr\/cellcom-distribution\/\" \/>\n<meta property=\"og:locale\" content=\"fr_FR\" \/>\n<meta property=\"og:type\" content=\"article\" \/>\n<meta property=\"og:title\" content=\"Cellcom distribution - YKH Holding\" \/>\n<meta property=\"og:description\" content=\"[vc_row css_animation=\u00a0\u00bb\u00a0\u00bb row_type=\u00a0\u00bbrow\u00a0\u00bb use_row_as_full_screen_section=\u00a0\u00bbno\u00a0\u00bb type=\u00a0\u00bbfull_width\u00a0\u00bb angled_section=\u00a0\u00bbno\u00a0\u00bb text_align=\u00a0\u00bbleft\u00a0\u00bb background_image_as_pattern=\u00a0\u00bbwithout_pattern\u00a0\u00bb css=\u00a0\u00bb.vc_custom_1625158022867{background-image: url(https:\/\/www.ykh.com.tn\/wp-content\/uploads\/2021\/07\/top-details.jpg?id=941) !important;background-position: 0 0 !important;background-repeat: no-repeat !important;}\u00a0\u00bb z_index=\u00a0\u00bb\u00a0\u00bb el_class=\u00a0\u00bbbackground-bottom\u00a0\u00bb][vc_column][vc_empty_space height=\u00a0\u00bb600px\u00a0\u00bb][\/vc_column][\/vc_row][vc_row css_animation=\u00a0\u00bb\u00a0\u00bb row_type=\u00a0\u00bbrow\u00a0\u00bb use_row_as_full_screen_section=\u00a0\u00bbno\u00a0\u00bb type=\u00a0\u00bbgrid\u00a0\u00bb angled_section=\u00a0\u00bbno\u00a0\u00bb text_align=\u00a0\u00bbleft\u00a0\u00bb background_image_as_pattern=\u00a0\u00bbwithout_pattern\u00a0\u00bb css=\u00a0\u00bb.vc_custom_1625158697923{padding-bottom: 160px !important;background: #181d23 url(https:\/\/www.ykh.com.tn\/wp-content\/uploads\/2021\/06\/bg-YKH.jpg?id=837) !important;}\u00a0\u00bb z_index=\u00a0\u00bb\u00a0\u00bb][vc_column][vc_row_inner row_type=\u00a0\u00bbrow\u00a0\u00bb type=\u00a0\u00bbfull_width\u00a0\u00bb text_align=\u00a0\u00bbleft\u00a0\u00bb css_animation=\u00a0\u00bb\u00a0\u00bb][vc_column_inner css=\u00a0\u00bb.vc_custom_1625157597682{margin-top: -65px !important;}\u00a0\u00bb][qode_elements_holder number_of_columns=\u00a0\u00bbtwo_columns\u00a0\u00bb][qode_elements_holder_item vertical_alignment=\u00a0\u00bbtop\u00a0\u00bb advanced_animations=\u00a0\u00bbno\u00a0\u00bb item_padding=\u00a0\u00bb0 25px...\" \/>\n<meta property=\"og:url\" content=\"https:\/\/www.ykh.com.tn\/fr\/cellcom-distribution\/\" \/>\n<meta property=\"og:site_name\" content=\"YKH Holding\" \/>\n<meta property=\"article:modified_time\" content=\"2022-09-12T11:03:24+00:00\" \/>\n<meta name=\"twitter:card\" content=\"summary_large_image\" \/>\n<meta name=\"twitter:label1\" content=\"Dur\u00e9e de lecture estim\u00e9e\" \/>\n\t<meta name=\"twitter:data1\" content=\"2 minutes\" \/>\n<script type=\"application\/ld+json\" class=\"yoast-schema-graph\">{\"@context\":\"https:\\\/\\\/schema.org\",\"@graph\":[{\"@type\":\"WebPage\",\"@id\":\"https:\\\/\\\/www.ykh.com.tn\\\/fr\\\/cellcom-distribution\\\/\",\"url\":\"https:\\\/\\\/www.ykh.com.tn\\\/fr\\\/cellcom-distribution\\\/\",\"name\":\"Cellcom distribution - YKH Holding\",\"isPartOf\":{\"@id\":\"https:\\\/\\\/www.ykh.com.tn\\\/#website\"},\"datePublished\":\"2021-05-24T10:01:52+00:00\",\"dateModified\":\"2022-09-12T11:03:24+00:00\",\"breadcrumb\":{\"@id\":\"https:\\\/\\\/www.ykh.com.tn\\\/fr\\\/cellcom-distribution\\\/#breadcrumb\"},\"inLanguage\":\"fr-FR\",\"potentialAction\":[{\"@type\":\"ReadAction\",\"target\":[\"https:\\\/\\\/www.ykh.com.tn\\\/fr\\\/cellcom-distribution\\\/\"]}]},{\"@type\":\"BreadcrumbList\",\"@id\":\"https:\\\/\\\/www.ykh.com.tn\\\/fr\\\/cellcom-distribution\\\/#breadcrumb\",\"itemListElement\":[{\"@type\":\"ListItem\",\"position\":1,\"name\":\"Home\",\"item\":\"https:\\\/\\\/www.ykh.com.tn\\\/fr\\\/\"},{\"@type\":\"ListItem\",\"position\":2,\"name\":\"Cellcom distribution\"}]},{\"@type\":\"WebSite\",\"@id\":\"https:\\\/\\\/www.ykh.com.tn\\\/#website\",\"url\":\"https:\\\/\\\/www.ykh.com.tn\\\/\",\"name\":\"YKH Holding\",\"description\":\"Trade, \u00a0industry,\u00a0services and real estate\",\"publisher\":{\"@id\":\"https:\\\/\\\/www.ykh.com.tn\\\/#organization\"},\"potentialAction\":[{\"@type\":\"SearchAction\",\"target\":{\"@type\":\"EntryPoint\",\"urlTemplate\":\"https:\\\/\\\/www.ykh.com.tn\\\/?s={search_term_string}\"},\"query-input\":{\"@type\":\"PropertyValueSpecification\",\"valueRequired\":true,\"valueName\":\"search_term_string\"}}],\"inLanguage\":\"fr-FR\"},{\"@type\":\"Organization\",\"@id\":\"https:\\\/\\\/www.ykh.com.tn\\\/#organization\",\"name\":\"YKH Holding\",\"url\":\"https:\\\/\\\/www.ykh.com.tn\\\/\",\"logo\":{\"@type\":\"ImageObject\",\"inLanguage\":\"fr-FR\",\"@id\":\"https:\\\/\\\/www.ykh.com.tn\\\/#\\\/schema\\\/logo\\\/image\\\/\",\"url\":\"https:\\\/\\\/www.ykh.com.tn\\\/wp-content\\\/uploads\\\/2021\\\/08\\\/logo-home.png\",\"contentUrl\":\"https:\\\/\\\/www.ykh.com.tn\\\/wp-content\\\/uploads\\\/2021\\\/08\\\/logo-home.png\",\"width\":553,\"height\":212,\"caption\":\"YKH Holding\"},\"image\":{\"@id\":\"https:\\\/\\\/www.ykh.com.tn\\\/#\\\/schema\\\/logo\\\/image\\\/\"}}]}<\/script>\n<!-- \/ Yoast SEO plugin. -->","yoast_head_json":{"title":"Cellcom distribution - YKH Holding","robots":{"index":"index","follow":"follow","max-snippet":"max-snippet:-1","max-image-preview":"max-image-preview:large","max-video-preview":"max-video-preview:-1"},"canonical":"https:\/\/www.ykh.com.tn\/fr\/cellcom-distribution\/","og_locale":"fr_FR","og_type":"article","og_title":"Cellcom distribution - YKH Holding","og_description":"[vc_row css_animation=\u00a0\u00bb\u00a0\u00bb row_type=\u00a0\u00bbrow\u00a0\u00bb use_row_as_full_screen_section=\u00a0\u00bbno\u00a0\u00bb type=\u00a0\u00bbfull_width\u00a0\u00bb angled_section=\u00a0\u00bbno\u00a0\u00bb text_align=\u00a0\u00bbleft\u00a0\u00bb background_image_as_pattern=\u00a0\u00bbwithout_pattern\u00a0\u00bb css=\u00a0\u00bb.vc_custom_1625158022867{background-image: url(https:\/\/www.ykh.com.tn\/wp-content\/uploads\/2021\/07\/top-details.jpg?id=941) !important;background-position: 0 0 !important;background-repeat: no-repeat !important;}\u00a0\u00bb z_index=\u00a0\u00bb\u00a0\u00bb el_class=\u00a0\u00bbbackground-bottom\u00a0\u00bb][vc_column][vc_empty_space height=\u00a0\u00bb600px\u00a0\u00bb][\/vc_column][\/vc_row][vc_row css_animation=\u00a0\u00bb\u00a0\u00bb row_type=\u00a0\u00bbrow\u00a0\u00bb use_row_as_full_screen_section=\u00a0\u00bbno\u00a0\u00bb type=\u00a0\u00bbgrid\u00a0\u00bb angled_section=\u00a0\u00bbno\u00a0\u00bb text_align=\u00a0\u00bbleft\u00a0\u00bb background_image_as_pattern=\u00a0\u00bbwithout_pattern\u00a0\u00bb css=\u00a0\u00bb.vc_custom_1625158697923{padding-bottom: 160px !important;background: #181d23 url(https:\/\/www.ykh.com.tn\/wp-content\/uploads\/2021\/06\/bg-YKH.jpg?id=837) !important;}\u00a0\u00bb z_index=\u00a0\u00bb\u00a0\u00bb][vc_column][vc_row_inner row_type=\u00a0\u00bbrow\u00a0\u00bb type=\u00a0\u00bbfull_width\u00a0\u00bb text_align=\u00a0\u00bbleft\u00a0\u00bb css_animation=\u00a0\u00bb\u00a0\u00bb][vc_column_inner css=\u00a0\u00bb.vc_custom_1625157597682{margin-top: -65px !important;}\u00a0\u00bb][qode_elements_holder number_of_columns=\u00a0\u00bbtwo_columns\u00a0\u00bb][qode_elements_holder_item vertical_alignment=\u00a0\u00bbtop\u00a0\u00bb advanced_animations=\u00a0\u00bbno\u00a0\u00bb item_padding=\u00a0\u00bb0 25px...","og_url":"https:\/\/www.ykh.com.tn\/fr\/cellcom-distribution\/","og_site_name":"YKH Holding","article_modified_time":"2022-09-12T11:03:24+00:00","twitter_card":"summary_large_image","twitter_misc":{"Dur\u00e9e de lecture estim\u00e9e":"2 minutes"},"schema":{"@context":"https:\/\/schema.org","@graph":[{"@type":"WebPage","@id":"https:\/\/www.ykh.com.tn\/fr\/cellcom-distribution\/","url":"https:\/\/www.ykh.com.tn\/fr\/cellcom-distribution\/","name":"Cellcom distribution - YKH Holding","isPartOf":{"@id":"https:\/\/www.ykh.com.tn\/#website"},"datePublished":"2021-05-24T10:01:52+00:00","dateModified":"2022-09-12T11:03:24+00:00","breadcrumb":{"@id":"https:\/\/www.ykh.com.tn\/fr\/cellcom-distribution\/#breadcrumb"},"inLanguage":"fr-FR","potentialAction":[{"@type":"ReadAction","target":["https:\/\/www.ykh.com.tn\/fr\/cellcom-distribution\/"]}]},{"@type":"BreadcrumbList","@id":"https:\/\/www.ykh.com.tn\/fr\/cellcom-distribution\/#breadcrumb","itemListElement":[{"@type":"ListItem","position":1,"name":"Home","item":"https:\/\/www.ykh.com.tn\/fr\/"},{"@type":"ListItem","position":2,"name":"Cellcom distribution"}]},{"@type":"WebSite","@id":"https:\/\/www.ykh.com.tn\/#website","url":"https:\/\/www.ykh.com.tn\/","name":"YKH Holding","description":"Trade, \u00a0industry,\u00a0services and real estate","publisher":{"@id":"https:\/\/www.ykh.com.tn\/#organization"},"potentialAction":[{"@type":"SearchAction","target":{"@type":"EntryPoint","urlTemplate":"https:\/\/www.ykh.com.tn\/?s={search_term_string}"},"query-input":{"@type":"PropertyValueSpecification","valueRequired":true,"valueName":"search_term_string"}}],"inLanguage":"fr-FR"},{"@type":"Organization","@id":"https:\/\/www.ykh.com.tn\/#organization","name":"YKH Holding","url":"https:\/\/www.ykh.com.tn\/","logo":{"@type":"ImageObject","inLanguage":"fr-FR","@id":"https:\/\/www.ykh.com.tn\/#\/schema\/logo\/image\/","url":"https:\/\/www.ykh.com.tn\/wp-content\/uploads\/2021\/08\/logo-home.png","contentUrl":"https:\/\/www.ykh.com.tn\/wp-content\/uploads\/2021\/08\/logo-home.png","width":553,"height":212,"caption":"YKH Holding"},"image":{"@id":"https:\/\/www.ykh.com.tn\/#\/schema\/logo\/image\/"}}]}},"_links":{"self":[{"href":"https:\/\/www.ykh.com.tn\/fr\/wp-json\/wp\/v2\/pages\/1280","targetHints":{"allow":["GET"]}}],"collection":[{"href":"https:\/\/www.ykh.com.tn\/fr\/wp-json\/wp\/v2\/pages"}],"about":[{"href":"https:\/\/www.ykh.com.tn\/fr\/wp-json\/wp\/v2\/types\/page"}],"author":[{"embeddable":true,"href":"https:\/\/www.ykh.com.tn\/fr\/wp-json\/wp\/v2\/users\/1"}],"replies":[{"embeddable":true,"href":"https:\/\/www.ykh.com.tn\/fr\/wp-json\/wp\/v2\/comments?post=1280"}],"version-history":[{"count":9,"href":"https:\/\/www.ykh.com.tn\/fr\/wp-json\/wp\/v2\/pages\/1280\/revisions"}],"predecessor-version":[{"id":1632,"href":"https:\/\/www.ykh.com.tn\/fr\/wp-json\/wp\/v2\/pages\/1280\/revisions\/1632"}],"wp:attachment":[{"href":"https:\/\/www.ykh.com.tn\/fr\/wp-json\/wp\/v2\/media?parent=1280"}],"curies":[{"name":"wp","href":"https:\/\/api.w.org\/{rel}","templated":true}]}}